{"id":1526,"date":"2019-04-04T19:09:41","date_gmt":"2019-04-04T19:09:41","guid":{"rendered":"http:\/\/beardbrothersontour.de\/?page_id=1526"},"modified":"2022-10-17T11:47:15","modified_gmt":"2022-10-17T11:47:15","slug":"usa-die-fuenfte","status":"publish","type":"page","link":"https:\/\/beardbrothersontour.de\/?page_id=1526","title":{"rendered":"USA die f\u00fcnfte"},"content":{"rendered":"\n<p>Unsere Route ist soweit von allen Beteiligten abgesegnet und somit kann es losgehen&#8230;<\/p>\n\n\n\n<p>Wir starten in D\u00fcsseldorf und fliegen direkt nach Las Vegas, der Mittelpunkt unserer Reise. Von dort geht es zuerst nach Los Angeles, wo wir ein paar Tage verbleiben und uns am Pazifik erholen werden. Weiter geht es nach Phoenix, nat\u00fcrlich mit Zwischenstopp Joshua Tree NP. Von Phoenix aus fahren wir einen Tag nach Tucson und besuchen zum zweiten Mal das Flugzeugmuseum inkl. Flugzeugfriedhof. Anschlie\u00dfend geht es weiter nach Flagstaff mit Stopps: Watson Lake Park, Slide Rock State Park. Von Flagstaff aus wollen wir Ausfl\u00fcge zum Petriefied Forest, zum Monument Valley, evtl. zum Antelope Canyon und zum Grand Canyon machen. Aus dem Weg zur\u00fcck nach Las Vegas fahren wir \u00fcber Seligman und Kingman und besuchen die historische Route 66. In Vegas haben wir noch 9 Tage welche wir mit shoppen, erholen und weiteren Ausfl\u00fcgen verbringen werden. Unter anderem zum Bryce Canyon, zum Red Rock Canyon und Rhyolite, einer alten verlassenen Goldgr\u00e4berstadt. Nat\u00fcrlich werden wir jeden noch so interessanten Spot auf unserem Weg mitnehmen und besuchen. Wer wei\u00df was wir finden&#8230;<\/p>\n\n\n\n<figure class=\"wp-block-image\"><img loading=\"lazy\" decoding=\"async\" width=\"1024\" height=\"720\" src=\"http:\/\/beardbrothersontour.de\/wp-content\/uploads\/2019\/07\/image-1-1024x720.png\" alt=\"\" class=\"wp-image-1758\" srcset=\"https:\/\/beardbrothersontour.de\/wp-content\/uploads\/2019\/07\/image-1-1024x720.png 1024w, https:\/\/beardbrothersontour.de\/wp-content\/uploads\/2019\/07\/image-1-300x211.png 300w, https:\/\/beardbrothersontour.de\/wp-content\/uploads\/2019\/07\/image-1-768x540.png 768w, https:\/\/beardbrothersontour.de\/wp-content\/uploads\/2019\/07\/image-1-900x632.png 900w, https:\/\/beardbrothersontour.de\/wp-content\/uploads\/2019\/07\/image-1-1280x899.png 1280w, https:\/\/beardbrothersontour.de\/wp-content\/uploads\/2019\/07\/image-1.png 1648w\" sizes=\"auto, (max-width: 1024px) 100vw, 1024px\" \/><\/figure>\n","protected":false},"excerpt":{"rendered":"<p>Unsere Route ist soweit von allen Beteiligten abgesegnet und somit kann es losgehen&#8230; Wir starten in D\u00fcsseldorf und fliegen direkt nach Las Vegas, der Mittelpunkt unserer Reise. Von dort geht es zuerst nach Los&#46;&#46;&#46;<\/p>\n","protected":false},"author":1,"featured_media":0,"parent":1518,"menu_order":8,"comment_status":"closed","ping_status":"closed","template":"","meta":{"footnotes":""},"class_list":["post-1526","page","type-page","status-publish","hentry"],"jetpack_sharing_enabled":true,"_links":{"self":[{"href":"https:\/\/beardbrothersontour.de\/index.php?rest_route=\/wp\/v2\/pages\/1526","targetHints":{"allow":["GET"]}}],"collection":[{"href":"https:\/\/beardbrothersontour.de\/index.php?rest_route=\/wp\/v2\/pages"}],"about":[{"href":"https:\/\/beardbrothersontour.de\/index.php?rest_route=\/wp\/v2\/types\/page"}],"author":[{"embeddable":true,"href":"https:\/\/beardbrothersontour.de\/index.php?rest_route=\/wp\/v2\/users\/1"}],"replies":[{"embeddable":true,"href":"https:\/\/beardbrothersontour.de\/index.php?rest_route=%2Fwp%2Fv2%2Fcomments&post=1526"}],"version-history":[{"count":3,"href":"https:\/\/beardbrothersontour.de\/index.php?rest_route=\/wp\/v2\/pages\/1526\/revisions"}],"predecessor-version":[{"id":1760,"href":"https:\/\/beardbrothersontour.de\/index.php?rest_route=\/wp\/v2\/pages\/1526\/revisions\/1760"}],"up":[{"embeddable":true,"href":"https:\/\/beardbrothersontour.de\/index.php?rest_route=\/wp\/v2\/pages\/1518"}],"wp:attachment":[{"href":"https:\/\/beardbrothersontour.de\/index.php?rest_route=%2Fwp%2Fv2%2Fmedia&parent=1526"}],"curies":[{"name":"wp","href":"https:\/\/api.w.org\/{rel}","templated":true}]}}